{"id":417,"date":"2017-12-21T16:15:06","date_gmt":"2017-12-21T15:15:06","guid":{"rendered":"https:\/\/ceramichegrazia.it?page_id=417"},"modified":"2025-11-20T17:28:21","modified_gmt":"2025-11-20T16:28:21","slug":"gres-porcellanato-sassuolo","status":"publish","type":"page","link":"https:\/\/ceramichegrazia.it\/de\/gres-porcellanato-sassuolo\/","title":{"rendered":"Grazia Style"},"content":{"rendered":"[vc_section el_id=&#8220;grazia-style-section&#8220;][vc_row el_id=&#8220;grazia-style-row&#8220;][vc_column][vc_column_text]\n<div style=\"color: #000;\">\n<h1>Pavimenti per Interni e Gres Porcellanato Sassuolo<\/h1>\n<h2>La tradizione di Ceramiche Grazia<\/h2>\n<p>A Sassuolo, simbolo della ceramica italiana per il gres porcellanato e i pavimenti per interni,<br \/>\n<strong>Ceramiche Grazia<\/strong> coltiva da sempre un dialogo costante tra artigianalit\u00e0 e innovazione.<br \/>\nI nostri progetti nascono dall\u2019idea che la materia non sia soltanto un supporto tecnico, ma un mezzo capace<br \/>\ndi esprimere stile, eleganza e durata. Il nostro gres porcellanato prodotto vicino a Sassuolo rappresenta<br \/>\nquesta filosofia: superfici robuste e raffinate, pensate per resistere al tempo e al continuo mutare delle tendenze.<\/p>\n<h2>Pavimenti per interni che arredano e raccontano<\/h2>\n<p>I nostri <strong>pavimenti per interni a Sassuolo<\/strong> non sono semplicemente rivestimenti: sono elementi<br \/>\nche plasmano l\u2019atmosfera di una casa o di un ambiente di lavoro. Le texture, le tonalit\u00e0 e i formati diventano<br \/>\nstrumenti per dare forma a spazi accoglienti e funzionali, capaci di riflettere la personalit\u00e0 di chi li vive.<br \/>\nDalla sobriet\u00e0 delle linee moderne al calore delle finiture pi\u00f9 tradizionali, ogni collezione offre possibilit\u00e0<br \/>\ncreative per chi cerca qualit\u00e0 e bellezza nella quotidianit\u00e0.<\/p>\n<p>Scegliere <strong>Ceramiche Grazia<\/strong> significa affidarsi a un percorso fatto di ricerca, sperimentazione<br \/>\ne rispetto per la tradizione. Le nostre collezioni di gres porcellanato e di pavimenti per interni sono il<br \/>\nrisultato di un equilibrio attento: robustezza tecnica, versatilit\u00e0 d\u2019uso e un\u2019estetica che sa dialogare con<br \/>\nl\u2019architettura contemporanea. Non \u00e8 solo un materiale che riveste, \u00e8 una superficie che accompagna lo sguardo,<br \/>\nche si lascia toccare, che costruisce ambienti da abitare con piacere.<\/p>\n<h2>L\u2019identit\u00e0 del gres porcellanato a Sassuolo<\/h2>\n<p>I nostri pavimenti e il <strong>gres porcellanato a Sassuolo<\/strong> sono riconosciuti in tutto il mondo come<br \/>\nsinonimo di eccellenza. Con <strong>Ceramiche Grazia<\/strong>, questa identit\u00e0 prende forma in progetti concreti,<br \/>\nin case, uffici e spazi pubblici che parlano la lingua della durata e dell\u2019armonia. Il nostro obiettivo \u00e8 offrire<br \/>\nsoluzioni che non siano solo funzionali, ma che sappiano diventare parte integrante della vita quotidiana,<br \/>\nconiugando estetica e affidabilit\u00e0.<\/p>\n<\/div>\n<p>&nbsp;<\/p>\n[\/vc_column_text][vc_masonry_grid post_type=&#8220;portfolio&#8220; max_items=&#8220;100&#8243; item=&#8220;268&#8243; grid_id=&#8220;vc_gid:1756284470049-5fd6f624beb13b50de51032d1719eac5-6&#8243;][\/vc_column][\/vc_row][\/vc_section][vc_row][vc_column][\/vc_column][\/vc_row]\n","protected":false},"excerpt":{"rendered":"<p>[vc_section el_id=&#8220;grazia-style-section&#8220;][vc_row el_id=&#8220;grazia-style-row&#8220;][vc_column][vc_column_text] Pavimenti per Interni e Gres Porcellanato Sassuolo La tradizione di Ceramiche Grazia A Sassuolo, simbolo della ceramica italiana per il gres porcellanato e i pavimenti per interni, Ceramiche Grazia coltiva da sempre un dialogo costante tra artigianalit\u00e0<\/p>\n","protected":false},"author":1,"featured_media":0,"parent":0,"menu_order":0,"comment_status":"closed","ping_status":"closed","template":"","meta":{"footnotes":""},"class_list":["post-417","page","type-page","status-publish","hentry","entry","no-media"],"_links":{"self":[{"href":"https:\/\/ceramichegrazia.it\/de\/wp-json\/wp\/v2\/pages\/417","targetHints":{"allow":["GET"]}}],"collection":[{"href":"https:\/\/ceramichegrazia.it\/de\/wp-json\/wp\/v2\/pages"}],"about":[{"href":"https:\/\/ceramichegrazia.it\/de\/wp-json\/wp\/v2\/types\/page"}],"author":[{"embeddable":true,"href":"https:\/\/ceramichegrazia.it\/de\/wp-json\/wp\/v2\/users\/1"}],"replies":[{"embeddable":true,"href":"https:\/\/ceramichegrazia.it\/de\/wp-json\/wp\/v2\/comments?post=417"}],"version-history":[{"count":5,"href":"https:\/\/ceramichegrazia.it\/de\/wp-json\/wp\/v2\/pages\/417\/revisions"}],"predecessor-version":[{"id":2963,"href":"https:\/\/ceramichegrazia.it\/de\/wp-json\/wp\/v2\/pages\/417\/revisions\/2963"}],"wp:attachment":[{"href":"https:\/\/ceramichegrazia.it\/de\/wp-json\/wp\/v2\/media?parent=417"}],"curies":[{"name":"wp","href":"https:\/\/api.w.org\/{rel}","templated":true}]}}