{"id":512,"date":"2018-01-16T09:36:34","date_gmt":"2018-01-16T08:36:34","guid":{"rendered":"https:\/\/ceramichegrazia.it?page_id=512"},"modified":"2026-02-05T17:23:30","modified_gmt":"2026-02-05T16:23:30","slug":"azienda-ceramiche-grazia","status":"publish","type":"page","link":"https:\/\/ceramichegrazia.it\/de\/azienda-ceramiche-grazia\/","title":{"rendered":"Unternehmen"},"content":{"rendered":"[vc_section el_id=&#8220;azienda-page-section&#8220;][vc_row el_id=&#8220;azienda-page-row&#8220; el_class=&#8220;text-page-content&#8220;][vc_column][vc_column_text]Ceramiche Grazia srl unterscheidet sich seit 1970 durch seine k\u00fcnstlerische Kreationen und die hohe Qualit\u00e4t seines Keramikprodukts.<br \/>\nWir bevorzugen weiterhin die traditionelle Doppelfeuerung, die aus ausgew\u00e4hlten Keramikmischungen und vielfachen Brennenprozessen durchgef\u00fchr wird, ideal um hochwertige Produkte zu herstellen, in denen die Glasur eine entscheidende Rolle f\u00fcr die \u00e4sthetische Aufwertung des fertigen Produkts spielt.<br \/>\nNeben die angebotenen Vorschl\u00e4gen wurde auch der Tr\u00e4ger aus Feinsteinzeug gestellt, der mit besonderen Herstellungstechniken kombiniert, den typischen handwerklichen Geschmack von Ceramiche Grazia behauptet.<br \/>\nDas Sortiment von Feinsteinzeugprodukten zeichnet sich durch wichtige technische Merkmalen, hohe Widerstandsf\u00e4higkeit und Zeitthaltbarkeit aus; es ist in verschiedenen Gr\u00f6\u00dfen und Ausf\u00fchrungen erh\u00e4ltlich, die beide f\u00fcr Innen- und Au\u00dfenanwendungen geeignet sind.<br \/>\nDie verschiedenen Produkten von Ceramiche Grazia, beide f\u00fcr Boden- und Wandbel\u00e4ge, werden in mehreren Farbvarianten, in beiden Keramik und Feinsteinzeug angeboten, wo die dekorativen Auswahlen von Sonderst\u00fccken begleitet werden, die dem Endkunden eine gro\u00dfe Auswahlm\u00f6glichkeit anbieten, die gut zu jedem Bedarf, Geschmack und Design pa\u00dft.<br \/>\nWenn Sie sich f\u00fcr Ceramiche Grazia entscheiden, anvertrauen Sie sich einem mit gro\u00dfer Erfahrung und garantierter Qualit\u00e4t Unternehmen, der in der Lage ist, einzigartige und hochwertige Produkte f\u00fcr jeden Einsatzbedarf anzubieten.<br \/>\nWir sind immer bereit, den Kunden bei der Auswahl des Materials zu helfen, das\u00a0am besten f\u00fcr ihres Projekt und die Schaffung ihrer Umgebungen geignet ist.<\/p>\n[\/vc_column_text][\/vc_column][\/vc_row][\/vc_section]\n","protected":false},"excerpt":{"rendered":"<p>[vc_section el_id=&#8220;azienda-page-section&#8220;][vc_row el_id=&#8220;azienda-page-row&#8220; el_class=&#8220;text-page-content&#8220;][vc_column][vc_column_text]Ceramiche Grazia srl unterscheidet sich seit 1970 durch seine k\u00fcnstlerische Kreationen und die hohe Qualit\u00e4t seines Keramikprodukts. Wir bevorzugen weiterhin die traditionelle Doppelfeuerung, die aus ausgew\u00e4hlten Keramikmischungen und vielfachen Brennenprozessen durchgef\u00fchr wird, ideal um hochwertige Produkte zu<\/p>\n","protected":false},"author":1,"featured_media":0,"parent":0,"menu_order":0,"comment_status":"closed","ping_status":"closed","template":"","meta":{"footnotes":""},"class_list":["post-512","page","type-page","status-publish","hentry","entry","no-media"],"_links":{"self":[{"href":"https:\/\/ceramichegrazia.it\/de\/wp-json\/wp\/v2\/pages\/512","targetHints":{"allow":["GET"]}}],"collection":[{"href":"https:\/\/ceramichegrazia.it\/de\/wp-json\/wp\/v2\/pages"}],"about":[{"href":"https:\/\/ceramichegrazia.it\/de\/wp-json\/wp\/v2\/types\/page"}],"author":[{"embeddable":true,"href":"https:\/\/ceramichegrazia.it\/de\/wp-json\/wp\/v2\/users\/1"}],"replies":[{"embeddable":true,"href":"https:\/\/ceramichegrazia.it\/de\/wp-json\/wp\/v2\/comments?post=512"}],"version-history":[{"count":9,"href":"https:\/\/ceramichegrazia.it\/de\/wp-json\/wp\/v2\/pages\/512\/revisions"}],"predecessor-version":[{"id":3767,"href":"https:\/\/ceramichegrazia.it\/de\/wp-json\/wp\/v2\/pages\/512\/revisions\/3767"}],"wp:attachment":[{"href":"https:\/\/ceramichegrazia.it\/de\/wp-json\/wp\/v2\/media?parent=512"}],"curies":[{"name":"wp","href":"https:\/\/api.w.org\/{rel}","templated":true}]}}