{"id":1365,"date":"2018-01-29T16:45:11","date_gmt":"2018-01-29T15:45:11","guid":{"rendered":"https:\/\/ceramichegrazia.it\/collezione\/senza%20categoria\/epoque\/"},"modified":"2025-11-18T12:44:05","modified_gmt":"2025-11-18T11:44:05","slug":"epoque","status":"publish","type":"product","link":"https:\/\/ceramichegrazia.it\/de\/collezione\/lucido-de\/epoque\/","title":{"rendered":"Epoque"},"content":{"rendered":"<p>Wandfliesen aus wei\u00dfer Masse in Doppelbrand-Technik sowohl mit mattem als auch mit gl\u00e4nzendem Craquel\u00e9-Finish. Bestehend aus 3 Typen von sehr unterschiedlichen Dekors &#8211; Barock, Jugendstil, Klassik &#8211; und in mehreren klassischen viktorianischen Farbgebungen erh\u00e4ltlich.<\/p>\n","protected":false},"excerpt":{"rendered":"<p>Wandfliesen aus wei\u00dfer Masse in Doppelbrand-Technik sowohl mit mattem als auch mit gl\u00e4nzendem Craquel\u00e9-Finish. Bestehend aus 3 Typen von sehr unterschiedlichen Dekors &#8211; Barock, Jugendstil, Klassik &#8211; und in mehreren klassischen viktorianischen Farbgebungen erh\u00e4ltlich.<\/p>\n","protected":false},"featured_media":3413,"template":"","meta":[],"product_brand":[],"product_cat":[50,67,51],"product_tag":[],"class_list":{"0":"post-1365","1":"product","2":"type-product","3":"status-publish","4":"has-post-thumbnail","6":"product_cat-lucido-de","7":"product_cat-opaco-de","8":"product_cat-rivestimento-de","9":"pa_formati-20x80","10":"entry","11":"has-media","13":"first","14":"instock","15":"shipping-taxable","16":"product-type-simple"},"_links":{"self":[{"href":"https:\/\/ceramichegrazia.it\/de\/wp-json\/wp\/v2\/product\/1365","targetHints":{"allow":["GET"]}}],"collection":[{"href":"https:\/\/ceramichegrazia.it\/de\/wp-json\/wp\/v2\/product"}],"about":[{"href":"https:\/\/ceramichegrazia.it\/de\/wp-json\/wp\/v2\/types\/product"}],"wp:featuredmedia":[{"embeddable":true,"href":"https:\/\/ceramichegrazia.it\/de\/wp-json\/wp\/v2\/media\/3413"}],"wp:attachment":[{"href":"https:\/\/ceramichegrazia.it\/de\/wp-json\/wp\/v2\/media?parent=1365"}],"wp:term":[{"taxonomy":"product_brand","embeddable":true,"href":"https:\/\/ceramichegrazia.it\/de\/wp-json\/wp\/v2\/product_brand?post=1365"},{"taxonomy":"product_cat","embeddable":true,"href":"https:\/\/ceramichegrazia.it\/de\/wp-json\/wp\/v2\/product_cat?post=1365"},{"taxonomy":"product_tag","embeddable":true,"href":"https:\/\/ceramichegrazia.it\/de\/wp-json\/wp\/v2\/product_tag?post=1365"}],"curies":[{"name":"wp","href":"https:\/\/api.w.org\/{rel}","templated":true}]}}