{"id":1387,"date":"2018-01-30T12:16:25","date_gmt":"2018-01-30T11:16:25","guid":{"rendered":"https:\/\/ceramichegrazia.it\/collezione\/senza%20categoria\/formelle\/"},"modified":"2025-11-18T12:22:48","modified_gmt":"2025-11-18T11:22:48","slug":"formelle","status":"publish","type":"product","link":"https:\/\/ceramichegrazia.it\/de\/collezione\/lucido-de\/formelle\/","title":{"rendered":"Formelle"},"content":{"rendered":"<p>Wandfliesen aus wei\u00dfer Masse in traditioneller Doppelbrand-Technik mit gl\u00e4nzender Oberfl\u00e4che und Craquel\u00e9-Finish. Die Serie besteht aus 3 verschiedenen Reliefdekors, geeignet f\u00fcr kontrastbildend verzierte W\u00e4nde. Im Format 13&#215;13: Milano, modern gestaltetes dreidimensionales architektonisches Relief; Algarve, traditionelles Relief, und Anversa, inspiriert durch die klassische holl\u00e4ndische Dekoration \u201eDelft\u201c.<\/p>\n","protected":false},"excerpt":{"rendered":"<p>Wandfliesen aus wei\u00dfer Masse in traditioneller Doppelbrand-Technik mit gl\u00e4nzender Oberfl\u00e4che und Craquel\u00e9-Finish. Die Serie besteht aus 3 verschiedenen Reliefdekors, geeignet f\u00fcr kontrastbildend verzierte W\u00e4nde. Im Format 13&#215;13: Milano, modern gestaltetes dreidimensionales architektonisches Relief; Algarve, traditionelles Relief, und Anversa, inspiriert durch<\/p>\n","protected":false},"featured_media":3403,"template":"","meta":[],"product_brand":[],"product_cat":[50,51],"product_tag":[],"class_list":{"0":"post-1387","1":"product","2":"type-product","3":"status-publish","4":"has-post-thumbnail","6":"product_cat-lucido-de","7":"product_cat-rivestimento-de","8":"pa_formati-13x13","9":"entry","10":"has-media","12":"first","13":"instock","14":"shipping-taxable","15":"product-type-simple"},"_links":{"self":[{"href":"https:\/\/ceramichegrazia.it\/de\/wp-json\/wp\/v2\/product\/1387","targetHints":{"allow":["GET"]}}],"collection":[{"href":"https:\/\/ceramichegrazia.it\/de\/wp-json\/wp\/v2\/product"}],"about":[{"href":"https:\/\/ceramichegrazia.it\/de\/wp-json\/wp\/v2\/types\/product"}],"wp:featuredmedia":[{"embeddable":true,"href":"https:\/\/ceramichegrazia.it\/de\/wp-json\/wp\/v2\/media\/3403"}],"wp:attachment":[{"href":"https:\/\/ceramichegrazia.it\/de\/wp-json\/wp\/v2\/media?parent=1387"}],"wp:term":[{"taxonomy":"product_brand","embeddable":true,"href":"https:\/\/ceramichegrazia.it\/de\/wp-json\/wp\/v2\/product_brand?post=1387"},{"taxonomy":"product_cat","embeddable":true,"href":"https:\/\/ceramichegrazia.it\/de\/wp-json\/wp\/v2\/product_cat?post=1387"},{"taxonomy":"product_tag","embeddable":true,"href":"https:\/\/ceramichegrazia.it\/de\/wp-json\/wp\/v2\/product_tag?post=1387"}],"curies":[{"name":"wp","href":"https:\/\/api.w.org\/{rel}","templated":true}]}}