{"id":1401,"date":"2018-01-30T12:30:10","date_gmt":"2018-01-30T11:30:10","guid":{"rendered":"https:\/\/ceramichegrazia.it\/collezione\/senza%20categoria\/melange\/"},"modified":"2025-11-18T12:16:08","modified_gmt":"2025-11-18T11:16:08","slug":"melange","status":"publish","type":"product","link":"https:\/\/ceramichegrazia.it\/de\/collezione\/lucido-de\/melange\/","title":{"rendered":"Melange"},"content":{"rendered":"<p>Wandfliesen aus wei\u00dfer Masse in traditioneller Doppelbrand-Technik mit gl\u00e4nzender Oberfl\u00e4che und mit starker Farbschattierung im Format 6,5&#215;13 und mit leichter Farbschattierung im Format 13&#215;13. Die au\u00dferordentliche Nat\u00fcrlichkeit dieser Serie macht sie f\u00fcr klassische, st\u00e4dtische und Retro-Ambiente geeignet.<\/p>\n","protected":false},"excerpt":{"rendered":"<p>Wandfliesen aus wei\u00dfer Masse in traditioneller Doppelbrand-Technik mit gl\u00e4nzender Oberfl\u00e4che und mit starker Farbschattierung im Format 6,5&#215;13 und mit leichter Farbschattierung im Format 13&#215;13. Die au\u00dferordentliche Nat\u00fcrlichkeit dieser Serie macht sie f\u00fcr klassische, st\u00e4dtische und Retro-Ambiente geeignet.<\/p>\n","protected":false},"featured_media":3398,"template":"","meta":[],"product_brand":[],"product_cat":[50,51],"product_tag":[],"class_list":{"0":"post-1401","1":"product","2":"type-product","3":"status-publish","4":"has-post-thumbnail","6":"product_cat-lucido-de","7":"product_cat-rivestimento-de","8":"pa_formati-13x13","9":"pa_formati-65x13","10":"entry","11":"has-media","13":"first","14":"instock","15":"shipping-taxable","16":"product-type-simple"},"_links":{"self":[{"href":"https:\/\/ceramichegrazia.it\/de\/wp-json\/wp\/v2\/product\/1401","targetHints":{"allow":["GET"]}}],"collection":[{"href":"https:\/\/ceramichegrazia.it\/de\/wp-json\/wp\/v2\/product"}],"about":[{"href":"https:\/\/ceramichegrazia.it\/de\/wp-json\/wp\/v2\/types\/product"}],"wp:featuredmedia":[{"embeddable":true,"href":"https:\/\/ceramichegrazia.it\/de\/wp-json\/wp\/v2\/media\/3398"}],"wp:attachment":[{"href":"https:\/\/ceramichegrazia.it\/de\/wp-json\/wp\/v2\/media?parent=1401"}],"wp:term":[{"taxonomy":"product_brand","embeddable":true,"href":"https:\/\/ceramichegrazia.it\/de\/wp-json\/wp\/v2\/product_brand?post=1401"},{"taxonomy":"product_cat","embeddable":true,"href":"https:\/\/ceramichegrazia.it\/de\/wp-json\/wp\/v2\/product_cat?post=1401"},{"taxonomy":"product_tag","embeddable":true,"href":"https:\/\/ceramichegrazia.it\/de\/wp-json\/wp\/v2\/product_tag?post=1401"}],"curies":[{"name":"wp","href":"https:\/\/api.w.org\/{rel}","templated":true}]}}