{"id":1413,"date":"2018-01-30T12:41:29","date_gmt":"2018-01-30T11:41:29","guid":{"rendered":"https:\/\/ceramichegrazia.it\/collezione\/senza%20categoria\/retro-2\/"},"modified":"2024-08-01T15:29:43","modified_gmt":"2024-08-01T13:29:43","slug":"retro-2","status":"publish","type":"product","link":"https:\/\/ceramichegrazia.it\/de\/collezione\/opaco-de\/retro-2\/","title":{"rendered":"RETR\u00d2 2"},"content":{"rendered":"<p>Durchgef\u00e4rbtes Steinzeug mit schon behandelter Oberfl\u00e4che R9, rutschfest, f\u00fcr jedes Ambiente geeignet. Die unterschiedlichen Formate und das Zubeh\u00f6r in verschiedenen Farben eignen sich f\u00fcr Renovierungen von Retro- und Vintage-Ambiente sowie klassische Ambiente.<\/p>\n","protected":false},"excerpt":{"rendered":"<p>Durchgef\u00e4rbtes Steinzeug mit schon behandelter Oberfl\u00e4che R9, rutschfest, f\u00fcr jedes Ambiente geeignet. Die unterschiedlichen Formate und das Zubeh\u00f6r in verschiedenen Farben eignen sich f\u00fcr Renovierungen von Retro- und Vintage-Ambiente sowie klassische Ambiente.<\/p>\n","protected":false},"featured_media":2653,"template":"","meta":[],"product_brand":[],"product_cat":[68,67],"product_tag":[],"class_list":{"0":"post-1413","1":"product","2":"type-product","3":"status-publish","4":"has-post-thumbnail","6":"product_cat-pavimento-de","7":"product_cat-opaco-de","8":"entry","9":"has-media","11":"first","12":"outofstock","13":"shipping-taxable","14":"product-type-simple"},"_links":{"self":[{"href":"https:\/\/ceramichegrazia.it\/de\/wp-json\/wp\/v2\/product\/1413","targetHints":{"allow":["GET"]}}],"collection":[{"href":"https:\/\/ceramichegrazia.it\/de\/wp-json\/wp\/v2\/product"}],"about":[{"href":"https:\/\/ceramichegrazia.it\/de\/wp-json\/wp\/v2\/types\/product"}],"wp:featuredmedia":[{"embeddable":true,"href":"https:\/\/ceramichegrazia.it\/de\/wp-json\/wp\/v2\/media\/2653"}],"wp:attachment":[{"href":"https:\/\/ceramichegrazia.it\/de\/wp-json\/wp\/v2\/media?parent=1413"}],"wp:term":[{"taxonomy":"product_brand","embeddable":true,"href":"https:\/\/ceramichegrazia.it\/de\/wp-json\/wp\/v2\/product_brand?post=1413"},{"taxonomy":"product_cat","embeddable":true,"href":"https:\/\/ceramichegrazia.it\/de\/wp-json\/wp\/v2\/product_cat?post=1413"},{"taxonomy":"product_tag","embeddable":true,"href":"https:\/\/ceramichegrazia.it\/de\/wp-json\/wp\/v2\/product_tag?post=1413"}],"curies":[{"name":"wp","href":"https:\/\/api.w.org\/{rel}","templated":true}]}}