{"id":2784,"date":"2024-09-06T09:40:24","date_gmt":"2024-09-06T07:40:24","guid":{"rendered":"https:\/\/ceramichegrazia.it\/?post_type=product&#038;p=2784"},"modified":"2025-11-18T11:36:49","modified_gmt":"2025-11-18T10:36:49","slug":"elegance-2-0","status":"publish","type":"product","link":"https:\/\/ceramichegrazia.it\/de\/collezione\/lucido-de\/elegance-2-0\/","title":{"rendered":"Elegance 2.0"},"content":{"rendered":"<p>Die neuen Farben von Elegance 2.0 sind \u00e4u\u00dferst vielseitig. Sie k\u00f6nnen verwendet werden um monochromatische Umgebungen zu schaffen, oder miteinander kombiniert werden, um einen dynamischen und modernen Effekt zu erzielen und lassen sich perfekt sowohl mit der Elegance-Serie als auch mit Holzoberfl\u00e4chen integrieren.<br \/>\nDiese Serie ist in einer breiten Palette von Pastellfarben erh\u00e4ltlich und besteht aus einem wei\u00dfen Doppelfeuertr\u00e4gern mit mattem Finish. Das klassische und klare Design erinnert sich an die traditionelle Boiserie.<br \/>\nDiese Serie ist geeignet f\u00fcr die Renovierung von klassischen und k\u00fcnstlerischen Umgebungen sowie f\u00fcr Innenr\u00e4ume mit modernem Design.<\/p>\n","protected":false},"excerpt":{"rendered":"<p>Die neuen Farben von Elegance 2.0 sind \u00e4u\u00dferst vielseitig. Sie k\u00f6nnen verwendet werden um monochromatische Umgebungen zu schaffen, oder miteinander kombiniert werden, um einen dynamischen und modernen Effekt zu erzielen und lassen sich perfekt sowohl mit der Elegance-Serie als auch<\/p>\n","protected":false},"featured_media":3363,"template":"","meta":[],"product_brand":[],"product_cat":[50,67,51],"product_tag":[],"class_list":{"0":"post-2784","1":"product","2":"type-product","3":"status-publish","4":"has-post-thumbnail","6":"product_cat-lucido-de","7":"product_cat-opaco-de","8":"product_cat-rivestimento-de","9":"pa_formati-35x102","10":"entry","11":"has-media","13":"first","14":"instock","15":"shipping-taxable","16":"product-type-simple"},"_links":{"self":[{"href":"https:\/\/ceramichegrazia.it\/de\/wp-json\/wp\/v2\/product\/2784","targetHints":{"allow":["GET"]}}],"collection":[{"href":"https:\/\/ceramichegrazia.it\/de\/wp-json\/wp\/v2\/product"}],"about":[{"href":"https:\/\/ceramichegrazia.it\/de\/wp-json\/wp\/v2\/types\/product"}],"wp:featuredmedia":[{"embeddable":true,"href":"https:\/\/ceramichegrazia.it\/de\/wp-json\/wp\/v2\/media\/3363"}],"wp:attachment":[{"href":"https:\/\/ceramichegrazia.it\/de\/wp-json\/wp\/v2\/media?parent=2784"}],"wp:term":[{"taxonomy":"product_brand","embeddable":true,"href":"https:\/\/ceramichegrazia.it\/de\/wp-json\/wp\/v2\/product_brand?post=2784"},{"taxonomy":"product_cat","embeddable":true,"href":"https:\/\/ceramichegrazia.it\/de\/wp-json\/wp\/v2\/product_cat?post=2784"},{"taxonomy":"product_tag","embeddable":true,"href":"https:\/\/ceramichegrazia.it\/de\/wp-json\/wp\/v2\/product_tag?post=2784"}],"curies":[{"name":"wp","href":"https:\/\/api.w.org\/{rel}","templated":true}]}}