{"id":1486,"date":"2018-04-12T10:09:51","date_gmt":"2018-04-12T08:09:51","guid":{"rendered":"https:\/\/ceramichegrazia.it\/cookie-policy\/"},"modified":"2018-09-17T09:29:27","modified_gmt":"2018-09-17T07:29:27","slug":"cookie-policy","status":"publish","type":"page","link":"https:\/\/ceramichegrazia.it\/fr\/cookie-policy\/","title":{"rendered":"Politique sur l&rsquo;usage des cookies"},"content":{"rendered":"<p>&nbsp;<\/p>\n<p>&nbsp;<\/p>\n<p>Questa informativa \u00e8 fornita, ai sensi dell\u2019art. 13 del d.lgs. n. 196\/2003 agli utenti che interagiscono con il sito accessibile per via telematica a partire dall\u2019indirizzo: www.ceramichegrazia.it corrispondente alla pagina iniziale del sito. La presente informativa descrive le modalit\u00e0 di gestione del solo sito www.ceramichegrazia.it, ma non di altri siti web esterni consultabili eventualmente dall\u2019utente tramite link. Informazioni aggiuntive potranno essere fornite all\u2019interno dei differenti canali di accesso, suddivisi sulla base degli argomenti trattati.<\/p>\n<p><strong>1. Titolare del Trattamento<\/strong><\/p>\n<p>Il Titolare del trattamento dei dati, relativi a persone identificate o identificabili che hanno consultato questo sito, \u00e8 CERAMICHE GRAZIA SPA.<\/p>\n<p><strong>2. Tipologia dei Dati Trattati e Modalit\u00e0 di Raccolta Dati di navigazione \u2013 log files<\/strong><\/p>\n<p>I sistemi informatici e gli applicativi dedicati al funzionamento di questo sito web rilevano, nel corso del loro normale funzionamento, alcuni dati (la cui trasmissione \u00e8 implicita nell\u2019uso dei protocolli di comunicazione di Internet) non associati a utenti direttamente identificabili. Tra i dati raccolti sono compresi gli indirizzi IP degli utenti che si connettono al sito, gli indirizzi in notazione URI (Uniform Resource Identifier) delle risorse richieste, l\u2019orario della richiesta ed il codice numerico indicante lo stato della risposta data dal server(buon fine, errore, ecc.). Questi dati vengono trattati, per il tempo strettamente necessario ai sensi della legge vigente e potrebbero essere utilizzati per l\u2019accertamento di responsabilit\u00e0 in caso di ipotetici reati informatici ai danni del sito.<\/p>\n<p><strong>3. Cookies Definizioni<\/strong><\/p>\n<p>I cookie sono brevi frammenti di testo (lettere e\/o numeri) che permettono al server web di memorizzare sul client (il browser) informazioni da riutilizzare nel corso della medesima visita al sito (cookie di sessione) o in seguito, anche a distanza di giorni (cookie persistenti). I cookie vengono memorizzati, in base alle preferenze dell\u2019utente, dal singolo browser sullo specifico dispositivo utilizzato (computer, tablet, smartphone). Nel seguito di questo documento faremo riferimento ai cookie e a tutte le tecnologie similari utilizzando semplicemente il termine \u201ccookie\u201d. Un cookie \u00e8 un piccolo file che lascia traccia nel disco rigido dell\u2019utente, non \u00e8 n\u00e9 un codice eseguibile n\u00e9 un virus. I sistemi informatici del sito CERAMICHE GRAZIA SPA, fanno uso esclusivamente di cookies di sessione, che non vengono memorizzati in modo permanente sul computer dell\u2019utente e che vengono cancellati con la chiusura del browser. L\u2019uso di tali cookies strettamente limitato alla trasmissione di identificativi di sessione necessari per consentire la navigazione sicura ed efficiente del sito e permette di evitare il ricorso ad altre tecniche informatiche potenzialmente pregiudizievoli per la riservatezza della navigazione degli utenti. Tali cookies non consentono l\u2019acquisizione di dati personali identificativi dell\u2019utente. Il sito www.ceramichegrazia.it non fa uso di cookies per la trasmissione di informazioni di carattere personale, n\u00e9 di c.d. cookies persistenti di alcun tipo, ovvero sistemi per il tracciamento degli utenti. Il Garante per la Protezione dei Dati Personali ha individuato le modalit\u00e0 semplificate per l\u2019informativa e l\u2019acquisizione del consenso per l\u2019uso dei cookie nel provvedimento datato 8 maggio 2014 \u2013 doc. web n. 3118884 (Pubblicato sulla Gazzetta Ufficiale n. 126 del 3 giugno 2014) a cui queste note legali si conformano ai fini di maggiore trasparenza verso l\u2019utente finale. Si da atto che i testi contenuti nella pagina relativa all\u2019informativa estesa sulla privacy e cookies sono da considerarsi standard e sar\u00e0 onere dell\u2019utente provvedere, ad ogni accesso, al controllo e alle verifiche pi\u00f9 opportune. Si declina pertanto da ogni qualsivoglia responsabilit\u00e0, e pertanto il titolare sar\u00e0 tenuto in nessun caso e a qualsiasi titolo, a rispondere di eventuali danni, perdite o danneggiamento dati.<\/p>\n<p><strong>4. Tipologie di cookie<\/strong><\/p>\n<p>In base alle caratteristiche e all\u2019utilizzo dei cookie possiamo distinguere diverse categorie:<\/p>\n<p>\u2022 Cookie strettamente necessari. Si tratta di cookie indispensabili per il corretto funzionamento dei siti e sono utilizzati per gestire il login e l\u2019accesso alle funzioni riservate del sito. La durata dei cookie \u00e8 strettamente limitata alla sessione di lavoro (chiuso il browser vengono cancellati).<\/p>\n<p>\u2022 Cookie di analisi e prestazioni. Sono cookie utilizzati per raccogliere e analizzare il traffico e l\u2019utilizzo del sito in modo anonimo. Questi cookie, pur senza identificare l\u2019utente, consentono, per esempio, di rilevare se il medesimo utente torna a collegarsi in momenti diversi. Permettono inoltre di monitorare il sistema e migliorarne le prestazioni e l\u2019usabilit\u00e0. La disattivazione di tali cookie pu\u00f2 essere eseguita senza alcuna perdita di funzionalit\u00e0.<\/p>\n<p>\u2022 Cookie di profilazione. Si tratta di cookie permanenti utilizzati per identificare (in modo anonimo e non) le preferenze dell\u2019utente e migliorare la sua esperienza di navigazione.<\/p>\n<p><strong>5. Cookie di terze parti<\/strong><\/p>\n<p>Visitando un sito web si possono ricevere cookie sia dal sito visitato (\u201cproprietari\u201d), sia da siti gestiti da altre organizzazioni (\u201cterze parti\u201d). Un esempio notevole \u00e8 rappresentato dalla presenza dei \u201csocial plugin\u201d per Facebook, Twitter, Google+ e LinkedIn. Si tratta di parti della pagina visitata generate direttamente dai suddetti siti ed integrati nella pagina del sito ospitante. L\u2019utilizzo pi\u00f9 comune dei social plugin \u00e8 finalizzato alla condivisione dei contenuti sui social network. La presenza di questi plugin comporta la trasmissione di cookie da e verso tutti i siti gestiti da terze parti. La gestione delle informazioni raccolte da \u201cterze parti\u201d \u00e8 disciplinata dalle relative informative cui si prega di fare riferimento. Per garantire una maggiore trasparenza e comodit\u00e0, si riportano qui di seguito gli indirizzi web delle diverse informative e delle modalit\u00e0 per la gestione dei cookie.<\/p>\n<p><strong>6. Durata dei cookie<\/strong><\/p>\n<p>Alcuni cookie (cookie di sessione) restano attivi solo fino alla chiusura del browser o all\u2019esecuzione del comando di logout. Altri cookie \u201csopravvivono\u201d alla chiusura del browser e sono disponibili anche in successive visite dell\u2019utente. Questi cookie sono detti persistenti e la loro durata \u00e8 fissata dal server al momento della loro creazione. In alcuni casi \u00e8 fissata una scadenza, in altri casi la durata \u00e8 illimitata. CERAMICHE GRAZIA SPA non fa uso di cookie persistenti. Tuttavia, navigando sulle pagine del sito , si pu\u00f2 interagire con siti gestiti da terze parti che possono creare o modificare cookie permanenti e di profilazione.<\/p>\n<p><strong>7. Gestione dei cookie<\/strong><\/p>\n<p>L\u2019utente pu\u00f2 decidere se accettare o meno i cookie utilizzando le impostazioni del proprio browser. Attenzione: la disabilitazione totale o parziale dei cookie tecnici pu\u00f2 compromettere l\u2019utilizzo delle funzionalit\u00e0 del sito riservate agli utenti registrati. Al contrario, la fruibilit\u00e0 dei contenuti pubblici \u00e8 possibile anche disabilitando completamente i cookie. La disabilitazione dei cookie \u201cterze parti\u201d non pregiudica in alcun modo la navigabilit\u00e0. L\u2019impostazione pu\u00f2 essere definita in modo specifico per i diversi siti e applicazioni web. Inoltre i migliori browser consentono di definire impostazioni diverse per i cookie \u201cproprietari\u201d e per quelli di \u201cterze parti\u201d.<\/p>\n<p><strong>8. Facoltativit\u00e0 del Conferimento dei Dati<\/strong><\/p>\n<p>A parte quanto specificato per i dati di navigazione e per i cookies, il conferimento dei dati personali da parte dell\u2019interessato, per le finalit\u00e0 descritte nel paragrafo precedente, \u00e8 da ritenersi facoltativo. Il loro mancato conferimento non comporta la possibilit\u00e0 di ottenere quanto richiesto.<\/p>\n<p><strong>9. Finalit\u00e0 e Modalit\u00e0 del Trattamento dei Dati<\/strong><\/p>\n<p>La societ\u00e0 CERAMICHE GRAZIA SPA non effettua trattamenti di dati personali, se non relativamente alla categoria di dati forniti volontariamente dall\u2019utente, al solo fine di assolvere a richieste dell\u2019utente stesso. I dati personali ed identificativi da questo forniti (anche ove qualificato come referente di una societ\u00e0) saranno oggetto di trattamento limitatamente all\u2019evasione della richiesta inoltrata. I dati personali sono trattati con strumenti automatizzati per il tempo strettamente necessario a conseguire gli scopi per cui sono raccolti. Con la sottoscrizione delle presenti Condizioni Generali di contratto, il Cliente, ai sensi del d.lgs n. 196, dd. 30.6.2003, relativo alla tutela delle persone e di altri soggetti rispetto al trattamento dei dati personali, presta il suo consenso espresso ed informato a che i dati che lo riguardano saranno oggetto a tutte le operazioni di trattamento previste dal sopra indicato decreto. Ai sensi dell\u2019art. 13 del d.lgs. n. 196, dd. 30.6.2003, la Societ\u00e0 CERAMICHE GRAZIA SPA rende noto al Cliente che:<\/p>\n<p>\u2013 titolare e responsabile del trattamento dei dati, anche sensibili, \u00e8 il sig.<\/p>\n<p>\u2013 i dati verranno trattati in modo lecito e secondo correttezza;<\/p>\n<p>\u2013 il trattamento riguarda dati contenuti o provenienti da pubblici registri, elenchi, atti o documenti conoscibili da chiunque, o comunque dati conferiti al fine della prestazione dei Servizi;<\/p>\n<p>\u2013 il conferimento dei dati \u00e8 necessario al fine dell\u2019esecuzione dei Servizi; \u2013 un eventuale rifiuto di fornire i dati richiesti comporta la non accettazione dell\u2019incarico e qualora il suddetto rifiuto avvenga nel corso della prestazione dei Servizi, la Societ\u00e0 receder\u00e0 dall\u2019incarico ricevuto, causando il rifiuto l\u2019impossibilit\u00e0 di adempiere correttamente agli obblighi contrattuali scaturenti dal rapporto, intendendosi in tali ipotesi la societ\u00e0 esonerata da ogni responsabilit\u00e0 di sorta;<\/p>\n<p>\u2013 il trattamento dei dati personali \u00e8 realizzato per mezzo delle operazioni o complesso di operazioni indicate all\u2019art. 4, co. 1, del d.lgs. 196\/2003: raccolta, registrazione, organizzazione, conservazione, consultazione, elaborazione, modificazione, selezione, estrazione, raffronto, utilizzo, interconnessione, blocco, comunicazione, cancellazione e distruzione dei dati;<\/p>\n<p>\u2013 le operazioni possono essere svolte con o senza l\u2019ausilio di strumenti elettronici o comunque automatizzati;<\/p>\n<p>\u2013 il trattamento \u00e8 svolto oltre che dal titolare anche dagli incaricati;<\/p>\n<p>\u2013 i dati personali oggetto del trattamento potranno venire a conoscenza dell\u2019incaricato per le sole finalit\u00e0 strettamente collegate all\u2019adempimento dei compiti assegnati e potranno anche essere comunicati a collaboratori esterni ed a tutti quei soggetti, pubblici o privati, ai quali la comunicazione si render\u00e0 necessaria per il corretto adempimento dell\u2019incarico affidato;<\/p>\n<p>\u2013 i dati personali non sono soggetti a diffusione;<\/p>\n<p>\u2013 i dati personali potranno essere trasferiti all\u2019estero<\/p>\n<p>\u2013 compresi i Paesi non appartenenti all\u2019Unione Europea<\/p>\n<p>\u2013 laddove ci\u00f2 si rendesse necessario per il corretto adempimento dell\u2019incarico affidato;<\/p>\n<p>\u2013 in relazione al trattamento dei propri dati personali, il Cliente pu\u00f2 esercitare i diritti di cui all\u2019art. 7, d.lgs. n. 196, dd. 30.6.2003 che si riporta di seguito integralmente: \u201cart. 7 Diritto di accesso ai dati personali ed altri diritti. L\u2019interessato ha diritto di ottenere la conferma dell\u2019esistenza o meno di dati personali che lo riguardano, anche se non ancora registrati, e la loro comunicazione in forma intelligibile. L\u2019interessato ha diritto di ottenere l\u2019indicazione:<\/p>\n<p>a) dell\u2019origine dei dati;<\/p>\n<p>b)delle finalit\u00e0 e modalit\u00e0 del trattamento;<\/p>\n<p>c)della logica applicata in caso di trattamento effettuato con l\u2019ausilio di strumenti elettronici;<\/p>\n<p>d)degli estremi identificativi del titolare, dei responsabili e del rappresentante designato ai sensi dell\u2019art. 5, co. 2;<\/p>\n<p>e)dei soggetti e delle categorie di soggetti ai quali i dati personali possono essere comunicati e che possono venire a conoscenza in qualit\u00e0 di rappresentante designato nel territorio dello Stato, di responsabili, di incaricati.<\/p>\n<p>L\u2019interessato ha diritto di ottenere:<\/p>\n<p>a) l\u2019aggiornamento, la rettificazione ovvero, quando vi abbia interesse, l\u2019integrazione dei dati;<\/p>\n<p>b) la cancellazione, la trasformazione in forma anonima o il blocco dei dati trattati in violazione di legge, compresi quelli di cui non \u00e8 necessaria la conservazione in relazione agli scopi per i quali i dati sono stati raccolti o successivamente trattati,<\/p>\n<p>c) l\u2019attestazione che le operazioni di cui alle lettere a) e b) sono state portate a conoscenza, anche per quanto riguarda il loro contenuto, di coloro ai quali i dati sono stati comunicati o diffusi, eccettuato il caso in cui tale adempimento si rivela impossibile o comporta un impiego di mezzi manifestatamene sproporzionato rispetto al diritto tutelato.<\/p>\n<p>L\u2019interessato ha diritto di opporsi, in tutto o in parte:<\/p>\n<p>a)per i motivi legittimi al trattamento dei dati personali che lo riguardano, ancorch\u00e9 pertinenti allo scopo della raccolta;<\/p>\n<p>b)al trattamento dei dati personali che lo riguardano ai fini di invio di materiale pubblicitario o di vendita diretta o per il compimento di ricerche di mercato o comunicazione commerciale.\u201d<\/p>\n<p>3 Il Cliente presta il suo specifico consenso a che i suoi dati personali possano essere trattati da incaricati preposti agli ordini, al marketing, all\u2019amministrazione e al servizio Clienti, anche per l\u2019invio di materiale promozionale o di informazioni commerciali.<\/p>\n<p>4 I dati personali del Cliente verranno conservati nei personal computers e negli archivi cartacei della societ\u00e0 cui sono applicate le misure di sicurezza volte ad assicurare la loro protezione in conformit\u00e0 al disposto del d.lgs. n. 196, dd. 30.6.2003 e dei relativi allegati.<\/p>\n<p>5 Con la sottoscrizione delle presenti Condizioni Generali di contratto il Cliente dichiara di aver ricevuto un\u2019esauriente informativa in merito al trattamento dei propri dati personali da parte della societ\u00e0.<\/p>\n","protected":false},"excerpt":{"rendered":"<p>&nbsp; &nbsp; Questa informativa \u00e8 fornita, ai sensi dell\u2019art. 13 del d.lgs. n. 196\/2003 agli utenti che interagiscono con il sito accessibile per via telematica a partire dall\u2019indirizzo: www.ceramichegrazia.it corrispondente alla pagina iniziale del sito. La presente informativa descrive le<\/p>\n","protected":false},"author":1,"featured_media":0,"parent":0,"menu_order":0,"comment_status":"closed","ping_status":"closed","template":"","meta":{"footnotes":""},"class_list":["post-1486","page","type-page","status-publish","hentry","entry","no-media"],"_links":{"self":[{"href":"https:\/\/ceramichegrazia.it\/fr\/wp-json\/wp\/v2\/pages\/1486","targetHints":{"allow":["GET"]}}],"collection":[{"href":"https:\/\/ceramichegrazia.it\/fr\/wp-json\/wp\/v2\/pages"}],"about":[{"href":"https:\/\/ceramichegrazia.it\/fr\/wp-json\/wp\/v2\/types\/page"}],"author":[{"embeddable":true,"href":"https:\/\/ceramichegrazia.it\/fr\/wp-json\/wp\/v2\/users\/1"}],"replies":[{"embeddable":true,"href":"https:\/\/ceramichegrazia.it\/fr\/wp-json\/wp\/v2\/comments?post=1486"}],"version-history":[{"count":1,"href":"https:\/\/ceramichegrazia.it\/fr\/wp-json\/wp\/v2\/pages\/1486\/revisions"}],"predecessor-version":[{"id":1614,"href":"https:\/\/ceramichegrazia.it\/fr\/wp-json\/wp\/v2\/pages\/1486\/revisions\/1614"}],"wp:attachment":[{"href":"https:\/\/ceramichegrazia.it\/fr\/wp-json\/wp\/v2\/media?parent=1486"}],"curies":[{"name":"wp","href":"https:\/\/api.w.org\/{rel}","templated":true}]}}