{"id":511,"date":"2018-01-16T09:36:34","date_gmt":"2018-01-16T08:36:34","guid":{"rendered":"https:\/\/ceramichegrazia.it?page_id=511"},"modified":"2026-02-05T17:22:54","modified_gmt":"2026-02-05T16:22:54","slug":"azienda-ceramiche-grazia","status":"publish","type":"page","link":"https:\/\/ceramichegrazia.it\/fr\/azienda-ceramiche-grazia\/","title":{"rendered":"Usine"},"content":{"rendered":"[vc_section el_id=\u00a0\u00bbazienda-page-section\u00a0\u00bb][vc_row el_id=\u00a0\u00bbazienda-page-row\u00a0\u00bb el_class=\u00a0\u00bbtext-page-content\u00a0\u00bb][vc_column][vc_column_text]Ceramiche Grazia srl se distingue depuis 1970 par ses cr\u00e9ations artistiques et la haute qualit\u00e9 des produits c\u00e9ramiques r\u00e9alis\u00e9s.<br \/>\nContinuer \u00e0 privil\u00e9gier la double cuisson traditionnelle, \u00e0 base de m\u00e9langes c\u00e9ramiques s\u00e9lectionn\u00e9s et cuisson en plusieurs \u00e9tapes, id\u00e9ale pour la cr\u00e9ation de produits de qualit\u00e9 o\u00f9 l&rsquo;\u00e9mail joue un r\u00f4le d\u00e9cisif dans l&rsquo;am\u00e9lioration esth\u00e9tique du produit fini.<br \/>\nLe gr\u00e8s c\u00e9rame a \u00e9galement \u00e9t\u00e9 ajout\u00e9 \u00e0 l&rsquo;offre, qui, associ\u00e9 \u00e0 des techniques de traitement sp\u00e9cifiques conserve le caract\u00e8re artisanal qui a toujours caract\u00e9ris\u00e9 la production de Ceramiche Grazia.<br \/>\nLa gamme de produits en gr\u00e8s c\u00e9rame se caract\u00e9rise par des caract\u00e9ristiques techniques importantes, une r\u00e9sistance et une durabilit\u00e9 \u00e9lev\u00e9es; disponible en diff\u00e9rents formats et d\u00e9corations, adapt\u00e9s aussi bien \u00e0 l&rsquo;int\u00e9rieur qu&rsquo;\u00e0 l&rsquo;ext\u00e9rieur.<br \/>\nLes diff\u00e9rentes lignes de produits propos\u00e9es par Ceramiche Grazia, qu&rsquo;il s&rsquo;agisse de sols ou de rev\u00eatement, sont propos\u00e9s en plusieurs couleurs, en c\u00e9ramique et en gr\u00e8s c\u00e9rame, o\u00f9 les variantes d\u00e9coratives sont accompagn\u00e9es de pi\u00e8ces sp\u00e9ciales qui offrent au client final un large choix adapt\u00e9 \u00e0 tous les besoins, \u00e0 tous les go\u00fbts et \u00e0 tous les designs.<br \/>\nChoisir Ceramiche Grazia, c&rsquo;est faire confiance \u00e0 une entreprise de grande exp\u00e9rience et de qualit\u00e9 assur\u00e9e, en mesure d&rsquo;offrir des produits uniques et haut de gamme pour toutes les n\u00e9cessit\u00e9s.<br \/>\nToujours pr\u00eats \u00e0 aider les clients \u00e0 choisir le type de mat\u00e9riau le plus appropri\u00e9 pour la cr\u00e9ation et la r\u00e9alisation des espaces de la vie quotidienne.<\/p>\n[\/vc_column_text][\/vc_column][\/vc_row][\/vc_section]\n","protected":false},"excerpt":{"rendered":"<p>[vc_section el_id=\u00a0\u00bbazienda-page-section\u00a0\u00bb][vc_row el_id=\u00a0\u00bbazienda-page-row\u00a0\u00bb el_class=\u00a0\u00bbtext-page-content\u00a0\u00bb][vc_column][vc_column_text]Ceramiche Grazia srl se distingue depuis 1970 par ses cr\u00e9ations artistiques et la haute qualit\u00e9 des produits c\u00e9ramiques r\u00e9alis\u00e9s. Continuer \u00e0 privil\u00e9gier la double cuisson traditionnelle, \u00e0 base de m\u00e9langes c\u00e9ramiques s\u00e9lectionn\u00e9s et cuisson en plusieurs \u00e9tapes,<\/p>\n","protected":false},"author":1,"featured_media":0,"parent":0,"menu_order":0,"comment_status":"closed","ping_status":"closed","template":"","meta":{"footnotes":""},"class_list":["post-511","page","type-page","status-publish","hentry","entry","no-media"],"_links":{"self":[{"href":"https:\/\/ceramichegrazia.it\/fr\/wp-json\/wp\/v2\/pages\/511","targetHints":{"allow":["GET"]}}],"collection":[{"href":"https:\/\/ceramichegrazia.it\/fr\/wp-json\/wp\/v2\/pages"}],"about":[{"href":"https:\/\/ceramichegrazia.it\/fr\/wp-json\/wp\/v2\/types\/page"}],"author":[{"embeddable":true,"href":"https:\/\/ceramichegrazia.it\/fr\/wp-json\/wp\/v2\/users\/1"}],"replies":[{"embeddable":true,"href":"https:\/\/ceramichegrazia.it\/fr\/wp-json\/wp\/v2\/comments?post=511"}],"version-history":[{"count":9,"href":"https:\/\/ceramichegrazia.it\/fr\/wp-json\/wp\/v2\/pages\/511\/revisions"}],"predecessor-version":[{"id":3762,"href":"https:\/\/ceramichegrazia.it\/fr\/wp-json\/wp\/v2\/pages\/511\/revisions\/3762"}],"wp:attachment":[{"href":"https:\/\/ceramichegrazia.it\/fr\/wp-json\/wp\/v2\/media?parent=511"}],"curies":[{"name":"wp","href":"https:\/\/api.w.org\/{rel}","templated":true}]}}