{"id":1386,"date":"2018-01-30T12:16:25","date_gmt":"2018-01-30T11:16:25","guid":{"rendered":"https:\/\/ceramichegrazia.it\/collezione\/senza%20categoria\/formelle\/"},"modified":"2025-11-18T12:22:08","modified_gmt":"2025-11-18T11:22:08","slug":"formelle","status":"publish","type":"product","link":"https:\/\/ceramichegrazia.it\/fr\/collezione\/lucido-fr\/formelle\/","title":{"rendered":"Formelle"},"content":{"rendered":"<p>Carrelages muraux en bicuisson et p\u00e2te c\u00e9ramique blanche avec des \u00e9maux brillants craquel\u00e9s. Cette collection est compos\u00e9e d&rsquo;un seul format (13&#215;13) et de trois diff\u00e9rents d\u00e9cors en relief, id\u00e9aux pour la r\u00e9alisation de parois d\u00e9cor\u00e9es en contraste. Milano, relief 3D au style contemporain, Algarve, relief traditionel au style baroque et Anversa, relief classique qui rappelle la c\u00e9ramique hollandaise de Delft.<\/p>\n","protected":false},"excerpt":{"rendered":"<p>Carrelages muraux en bicuisson et p\u00e2te c\u00e9ramique blanche avec des \u00e9maux brillants craquel\u00e9s. Cette collection est compos\u00e9e d&rsquo;un seul format (13&#215;13) et de trois diff\u00e9rents d\u00e9cors en relief, id\u00e9aux pour la r\u00e9alisation de parois d\u00e9cor\u00e9es en contraste. Milano, relief 3D<\/p>\n","protected":false},"featured_media":3402,"template":"","meta":[],"product_brand":[],"product_cat":[44,45],"product_tag":[],"class_list":{"0":"post-1386","1":"product","2":"type-product","3":"status-publish","4":"has-post-thumbnail","6":"product_cat-lucido-fr","7":"product_cat-rivestimento-fr","8":"pa_formati-13x13","9":"entry","10":"has-media","12":"first","13":"instock","14":"shipping-taxable","15":"product-type-simple"},"_links":{"self":[{"href":"https:\/\/ceramichegrazia.it\/fr\/wp-json\/wp\/v2\/product\/1386","targetHints":{"allow":["GET"]}}],"collection":[{"href":"https:\/\/ceramichegrazia.it\/fr\/wp-json\/wp\/v2\/product"}],"about":[{"href":"https:\/\/ceramichegrazia.it\/fr\/wp-json\/wp\/v2\/types\/product"}],"wp:featuredmedia":[{"embeddable":true,"href":"https:\/\/ceramichegrazia.it\/fr\/wp-json\/wp\/v2\/media\/3402"}],"wp:attachment":[{"href":"https:\/\/ceramichegrazia.it\/fr\/wp-json\/wp\/v2\/media?parent=1386"}],"wp:term":[{"taxonomy":"product_brand","embeddable":true,"href":"https:\/\/ceramichegrazia.it\/fr\/wp-json\/wp\/v2\/product_brand?post=1386"},{"taxonomy":"product_cat","embeddable":true,"href":"https:\/\/ceramichegrazia.it\/fr\/wp-json\/wp\/v2\/product_cat?post=1386"},{"taxonomy":"product_tag","embeddable":true,"href":"https:\/\/ceramichegrazia.it\/fr\/wp-json\/wp\/v2\/product_tag?post=1386"}],"curies":[{"name":"wp","href":"https:\/\/api.w.org\/{rel}","templated":true}]}}