{"id":2786,"date":"2024-09-06T09:40:24","date_gmt":"2024-09-06T07:40:24","guid":{"rendered":"https:\/\/ceramichegrazia.it\/?post_type=product&#038;p=2786"},"modified":"2025-11-18T11:36:05","modified_gmt":"2025-11-18T10:36:05","slug":"elegance-2-0","status":"publish","type":"product","link":"https:\/\/ceramichegrazia.it\/fr\/collezione\/lucido-fr\/elegance-2-0\/","title":{"rendered":"Elegance 2.0"},"content":{"rendered":"<p>Les nouvelles couleurs Elegance 2.0 sont extr\u00eamement versatiles.<br \/>\nIls peuvent \u00eatre utilis\u00e9s pour cr\u00e9er des environnements monochromes ou combin\u00e9s entre eux pour un effet dynamique et moderne, compl\u00e9tant parfaitement la ligne Elegance et les surfaces en bois.<br \/>\nDisponible dans une large gamme de teintes pastel, cette s\u00e9rie est en bicuisson et p\u00e2te c\u00e9ramique blanche<br \/>\navec une surface mate. Le design classique et lin\u00e9aire \u00e9voque les boiseries traditionnelles.<br \/>\nId\u00e9al pour les r\u00e9novations des environnements classiques et artistiques ainsi que pour la d\u00e9coration d&rsquo;int\u00e9rieur contemporaine.<\/p>\n","protected":false},"excerpt":{"rendered":"<p>Les nouvelles couleurs Elegance 2.0 sont extr\u00eamement versatiles. Ils peuvent \u00eatre utilis\u00e9s pour cr\u00e9er des environnements monochromes ou combin\u00e9s entre eux pour un effet dynamique et moderne, compl\u00e9tant parfaitement la ligne Elegance et les surfaces en bois. Disponible dans une<\/p>\n","protected":false},"featured_media":3362,"template":"","meta":[],"product_brand":[],"product_cat":[44,64,45],"product_tag":[],"class_list":{"0":"post-2786","1":"product","2":"type-product","3":"status-publish","4":"has-post-thumbnail","6":"product_cat-lucido-fr","7":"product_cat-opaco-fr","8":"product_cat-rivestimento-fr","9":"pa_formati-35x102","10":"entry","11":"has-media","13":"first","14":"instock","15":"shipping-taxable","16":"product-type-simple"},"_links":{"self":[{"href":"https:\/\/ceramichegrazia.it\/fr\/wp-json\/wp\/v2\/product\/2786","targetHints":{"allow":["GET"]}}],"collection":[{"href":"https:\/\/ceramichegrazia.it\/fr\/wp-json\/wp\/v2\/product"}],"about":[{"href":"https:\/\/ceramichegrazia.it\/fr\/wp-json\/wp\/v2\/types\/product"}],"wp:featuredmedia":[{"embeddable":true,"href":"https:\/\/ceramichegrazia.it\/fr\/wp-json\/wp\/v2\/media\/3362"}],"wp:attachment":[{"href":"https:\/\/ceramichegrazia.it\/fr\/wp-json\/wp\/v2\/media?parent=2786"}],"wp:term":[{"taxonomy":"product_brand","embeddable":true,"href":"https:\/\/ceramichegrazia.it\/fr\/wp-json\/wp\/v2\/product_brand?post=2786"},{"taxonomy":"product_cat","embeddable":true,"href":"https:\/\/ceramichegrazia.it\/fr\/wp-json\/wp\/v2\/product_cat?post=2786"},{"taxonomy":"product_tag","embeddable":true,"href":"https:\/\/ceramichegrazia.it\/fr\/wp-json\/wp\/v2\/product_tag?post=2786"}],"curies":[{"name":"wp","href":"https:\/\/api.w.org\/{rel}","templated":true}]}}