{"id":483,"date":"2017-12-21T16:58:04","date_gmt":"2017-12-21T15:58:04","guid":{"rendered":"https:\/\/ceramichegrazia.it?product=amarcord"},"modified":"2024-08-01T14:50:04","modified_gmt":"2024-08-01T12:50:04","slug":"amarcord","status":"publish","type":"product","link":"https:\/\/ceramichegrazia.it\/fr\/collezione\/rivestimento-fr\/amarcord\/","title":{"rendered":"Amarcord"},"content":{"rendered":"<p>Collection pour rev\u00eatement mural en bicuisson traditionelle avec un \u00e9mail opaque. Compos\u00e9e de plusieurs formats modulables, 10&#215;20 et 20&#215;20 avec les octogones relatives et compl\u00e9t\u00e9es par des pi\u00e8ces sp\u00e9ciales de finition et divers accessoires de d\u00e9coration id\u00e9aux pour la r\u00e9alisation d&rsquo;espaces classiques et traditionels.<\/p>\n","protected":false},"excerpt":{"rendered":"<p>Collection pour rev\u00eatement mural en bicuisson traditionelle avec un \u00e9mail opaque. Compos\u00e9e de plusieurs formats modulables, 10&#215;20 et 20&#215;20 avec les octogones relatives et compl\u00e9t\u00e9es par des pi\u00e8ces sp\u00e9ciales de finition et divers accessoires de d\u00e9coration id\u00e9aux pour la r\u00e9alisation<\/p>\n","protected":false},"featured_media":1666,"template":"","meta":[],"product_brand":[],"product_cat":[64,45],"product_tag":[],"class_list":{"0":"post-483","1":"product","2":"type-product","3":"status-publish","4":"has-post-thumbnail","6":"product_cat-opaco-fr","7":"product_cat-rivestimento-fr","8":"entry","9":"has-media","11":"first","12":"outofstock","13":"shipping-taxable","14":"product-type-simple"},"_links":{"self":[{"href":"https:\/\/ceramichegrazia.it\/fr\/wp-json\/wp\/v2\/product\/483","targetHints":{"allow":["GET"]}}],"collection":[{"href":"https:\/\/ceramichegrazia.it\/fr\/wp-json\/wp\/v2\/product"}],"about":[{"href":"https:\/\/ceramichegrazia.it\/fr\/wp-json\/wp\/v2\/types\/product"}],"wp:featuredmedia":[{"embeddable":true,"href":"https:\/\/ceramichegrazia.it\/fr\/wp-json\/wp\/v2\/media\/1666"}],"wp:attachment":[{"href":"https:\/\/ceramichegrazia.it\/fr\/wp-json\/wp\/v2\/media?parent=483"}],"wp:term":[{"taxonomy":"product_brand","embeddable":true,"href":"https:\/\/ceramichegrazia.it\/fr\/wp-json\/wp\/v2\/product_brand?post=483"},{"taxonomy":"product_cat","embeddable":true,"href":"https:\/\/ceramichegrazia.it\/fr\/wp-json\/wp\/v2\/product_cat?post=483"},{"taxonomy":"product_tag","embeddable":true,"href":"https:\/\/ceramichegrazia.it\/fr\/wp-json\/wp\/v2\/product_tag?post=483"}],"curies":[{"name":"wp","href":"https:\/\/api.w.org\/{rel}","templated":true}]}}